{"id":10988,"date":"2023-08-20T20:32:20","date_gmt":"2023-08-20T18:32:20","guid":{"rendered":"https:\/\/solartech.eu\/ro\/product\/invertor-deye-ongrid-100kw-prosumator-sun-100k-g03\/"},"modified":"2026-04-02T11:02:24","modified_gmt":"2026-04-02T09:02:24","slug":"invertor-deye-ongrid-100kw-prosumator-sun-100k-g03","status":"publish","type":"product","link":"https:\/\/solartech.eu\/sk\/p\/invertor-deye-ongrid-100kw-prosumator-sun-100k-g03\/","title":{"rendered":"Strieda\u010d DEYE Ongrid 100kW Prosumator SUN-100K-G03"},"content":{"rendered":"<p>Spolo\u010dnos\u0165 Ningbo Deye Inverter Technology Co., Ltd, zalo\u017een\u00e1 v roku 2007 so z\u00e1kladn\u00fdm kapit\u00e1lom 300 mili\u00f3nov RMB, je jedn\u00fdm z \u010d\u00ednskych podnikov v oblasti \u0161pi\u010dkov\u00fdch technol\u00f3gi\u00ed a dc\u00e9rskou spolo\u010dnos\u0165ou skupiny Deye. S v\u00fdrobnou plochou viac ako 15 000\u33a1 a kompletn\u00fdm v\u00fdrobn\u00fdm a testovac\u00edm vybaven\u00edm sa spolo\u010dnos\u0165 Deye stala v\u00fdznamn\u00fdm hr\u00e1\u010dom na svetovom trhu so sol\u00e1rnymi strieda\u010dmi.<\/p>\n<p>Spolo\u010dnos\u0165 Ningbo Deye Inverter Technology Co., Ltd. sa venuje poskytovaniu kompletn\u00fdch rie\u0161en\u00ed fotovoltaick\u00fdch energetick\u00fdch syst\u00e9mov vr\u00e1tane rie\u0161en\u00ed pre obytn\u00e9 a komer\u010dn\u00e9 elektr\u00e1rne. Spolo\u010dnos\u0165 Deye tie\u017e pon\u00faka spr\u00e1vne zariadenie pre ka\u017ed\u00fa aplik\u00e1ciu: pre v\u0161etky typy modulov, pre polia pripojen\u00e9 k sieti a samostatn\u00e9 polia, ako aj pre hybridn\u00e9 syst\u00e9my strieda\u010dov, pre mal\u00e9 syst\u00e9my a komer\u010dn\u00e9 syst\u00e9my v rozsahu megawattov. Medzi nimi sa v\u00fdkon fotovoltick\u00e9ho strieda\u010da pripojen\u00e9ho k sieti pohybuje od 1,5 do 110 kW, hybridn\u00e9ho strieda\u010da od 3 do 50 kW a mikro strieda\u010da od 300 do 2 000 W.<\/p>\n<p>Ako technologicky orientovan\u00e1 spolo\u010dnos\u0165 sa spolo\u010dnos\u0165 Deye v\u017edy usilovala o v\u00fdskum a v\u00fdvoj nov\u00fdch \u0161pi\u010dkov\u00fdch technol\u00f3gi\u00ed s cie\u013eom poskytova\u0165 efekt\u00edvne a spo\u013eahliv\u00e9 v\u00fdrobky. Spolo\u010dnos\u0165 Deye napr\u00edklad vyu\u017e\u00edva troj\u00farov\u0148ov\u00fa topol\u00f3giu typu T a vylep\u0161en\u00fd algoritmus SVPWM, ktor\u00fd v porovnan\u00ed s be\u017en\u00fdm SPWM \u010falej zvy\u0161uje \u00fa\u010dinnos\u0165 konverzie o 0,7%.<\/p>","protected":false},"excerpt":{"rendered":"<p>\u2705 Vstrekovanie do n\u00e1rodnej siete (EN50549-1)<br \/>\n\u2705 Displej<br \/>\n\u2705 Komunika\u010dn\u00fd port RS485<br \/>\n\u2705 150000W pr\u00edkon z panelov<br \/>\n\u2705 Re\u017eim WiFi je s\u00fa\u010das\u0165ou bezplatnej aplik\u00e1cie<br \/>\n\u2705 10-ro\u010dn\u00e1 z\u00e1ruka<\/p>\n<p><a href=\"https:\/\/www.deyeinverter.com\/deyeinverter\/2023\/07\/31\/datasheet_sun-(70-110)k-g03_230731_en.pdf\">Stiahnite si technick\u00fd list<\/a><br \/>\n<a href=\"https:\/\/www.deyeinverter.com\/deyeinverter\/2023\/07\/15\/\u3010b\u301130240301001952-\u4f7f\u7528\u8bf4\u660e\u4e66-\u7ec4\u4e32\u4e09\u76f8-sun-(70-110)k-g03.pdf\">Stiahnite si pou\u017e\u00edvate\u013esk\u00fa pr\u00edru\u010dku<\/a><\/p>","protected":false},"featured_media":100000013834,"comment_status":"open","ping_status":"closed","template":"","meta":[],"product_brand":[],"product_cat":[336,527],"product_tag":[1635,1636,1637,1638,1639,1640,1641,1642],"class_list":{"0":"post-10988","1":"product","2":"type-product","3":"status-publish","4":"has-post-thumbnail","6":"product_cat-invertoare-hibride-deye","7":"product_cat-invertoare-deye-ongrid","8":"product_tag-black-friday","9":"product_tag-invertor-100kw-casa-verde","10":"product_tag-invertor-100kw-deye","11":"product_tag-invertor-100kw-ieftin","12":"product_tag-invertor-100kw-prosumator","13":"product_tag-invertor-deye-ongrid","14":"product_tag-invertor-deye-pentru-prosumator","15":"product_tag-invertor-deye-prosumator","17":"first","18":"onbackorder","19":"sale","20":"taxable","21":"shipping-taxable","22":"purchasable","23":"product-type-simple"},"_links":{"self":[{"href":"https:\/\/solartech.eu\/sk\/wp-json\/wp\/v2\/product\/10988","targetHints":{"allow":["GET"]}}],"collection":[{"href":"https:\/\/solartech.eu\/sk\/wp-json\/wp\/v2\/product"}],"about":[{"href":"https:\/\/solartech.eu\/sk\/wp-json\/wp\/v2\/types\/product"}],"replies":[{"embeddable":true,"href":"https:\/\/solartech.eu\/sk\/wp-json\/wp\/v2\/comments?post=10988"}],"version-history":[{"count":0,"href":"https:\/\/solartech.eu\/sk\/wp-json\/wp\/v2\/product\/10988\/revisions"}],"wp:featuredmedia":[{"embeddable":true,"href":"https:\/\/solartech.eu\/sk\/wp-json\/"}],"wp:attachment":[{"href":"https:\/\/solartech.eu\/sk\/wp-json\/wp\/v2\/media?parent=10988"}],"wp:term":[{"taxonomy":"product_brand","embeddable":true,"href":"https:\/\/solartech.eu\/sk\/wp-json\/wp\/v2\/product_brand?post=10988"},{"taxonomy":"product_cat","embeddable":true,"href":"https:\/\/solartech.eu\/sk\/wp-json\/wp\/v2\/product_cat?post=10988"},{"taxonomy":"product_tag","embeddable":true,"href":"https:\/\/solartech.eu\/sk\/wp-json\/wp\/v2\/product_tag?post=10988"}],"curies":[{"name":"wp","href":"https:\/\/api.w.org\/{rel}","templated":true}]}}