{"id":12627,"date":"2024-01-10T10:43:00","date_gmt":"2024-01-10T08:43:00","guid":{"rendered":"https:\/\/solartech.eu\/ro\/?post_type=product&#038;p=12627"},"modified":"2026-03-19T13:47:51","modified_gmt":"2026-03-19T11:47:51","slug":"invertor-48v-800va-victron-energy-phoenix-48v-800va-schuko","status":"publish","type":"product","link":"https:\/\/solartech.eu\/pt\/p\/invertor-48v-800va-victron-energy-phoenix-48v-800va-schuko\/","title":{"rendered":"Inversor 48V 800VA Victron Energy Phoenix 48V 800VA Schuko"},"content":{"rendered":"<div class=\"flex max-w-full flex-col flex-grow\">\n<div class=\"min-h-8 text-message flex w-full flex-col items-end gap-2 whitespace-normal break-words [.text-message+&amp;]:mt-5\" dir=\"auto\" data-message-author-role=\"assistant\" data-message-id=\"06484020-546e-43d3-b8ad-fc7099f28d11\">\n<div class=\"flex w-full flex-col gap-1 empty:hidden first:pt-[3px]\">\n<div class=\"markdown prose w-full break-words dark:prose-invert dark\">\n<p><strong>Portul VE.Direct poate fi conectat la:<\/strong><\/p>\n<ul>\n<li>Un computer (este necesar cablu VE.Direct to USB)<\/li>\n<li>Smartphone-uri Apple, Android, tablete, dispozitive MacBook \u0219i alte dispozitive<br \/>\n(necesar Dual Bluetooth VE.Direct Bluetooth)<\/li>\n<\/ul>\n<p><strong>Complet configurabil:<\/strong><\/p>\n<ul>\n<li>Declan\u0219area alarmelor de tensiune sc\u0103zut\u0103 a bateriei \u0219i nivelele de resetare<\/li>\n<li>Nivelul de \u00eentrerupere a tensiunii bateriei \u0219i de repornire a bateriei<\/li>\n<li>Deconectare dinamic\u0103: nivelul de \u00eentrerupere dependent de sarcin\u0103<\/li>\n<li>Tensiunea de ie\u0219ire 210 &#8211; 245V<\/li>\n<li>Frecven\u021b\u0103: 50 Hz sau 60 Hz<\/li>\n<li>Mod ECO pornit \/ oprit \u0219i nivel sensibilitate ECO<\/li>\n<li>Monitorizare:\n<ul>\n<li>Tensiunea de intrare \u0219i ie\u0219ire<\/li>\n<li>\u00cenc\u0103rcare \u0219i alarme<\/li>\n<\/ul>\n<\/li>\n<\/ul>\n<h3>Invertoarele <strong>Phoenix<\/strong> fac parte dintr-o gam\u0103 creat\u0103 pentru servicii de \u00eenalt\u0103 calitate, bazate pe o tehnologie solar\u0103 fotovoltaic\u0103 superioar\u0103 &#8211; <strong>SinusMAX<\/strong>, av\u00e2nd caracteristica unic\u0103 de <strong>pornire la sarcin\u0103 maxim\u0103<\/strong>.<\/h3>\n<p><strong>Tehnologie superioar\u0103 &#8211; SinusMAX<\/strong><\/p>\n<ul>\n<li>Gama de invertoare Phoenix, destinat\u0103 sistemelor de panouri fotovoltaice, este creat\u0103 pentru servicii profesionale, fiind potrivit\u0103 pentru o gam\u0103 larg\u0103 de aplica\u021bii.<\/li>\n<li>Accentul \u00een design este pus pe eficien\u021b\u0103 optim\u0103 f\u0103r\u0103 compromisuri \u00een performan\u021b\u0103, oferind o ie\u0219ire sinusoidal\u0103 de \u00eenalt\u0103 calitate.<\/li>\n<\/ul>\n<p>Utiliz\u00e2nd tehnologia hibrid HF, Phoenix ofer\u0103 un produs:<\/p>\n<ul>\n<li>De \u00eenalt\u0103 calitate<\/li>\n<li>Cu dimensiuni compacte<\/li>\n<li>Greutate redus\u0103<\/li>\n<li>Fiabilitate ridicat\u0103<\/li>\n<li>Capabil s\u0103 furnizeze energie pentru sarcini de orice tip.<\/li>\n<\/ul>\n<p><strong>Pornire la sarcin\u0103 maxim\u0103<\/strong> \u2013 O caracteristic\u0103 unic\u0103 a tehnologiei <strong>SinusMAX<\/strong>.<\/p>\n<p><strong>Aplica\u021bii extinse<\/strong><br \/>\nInvertoarele <strong>Phoenix<\/strong> sunt recomandate pentru alimentarea sarcinilor preten\u021bioase. Pot fi integrate \u00een <strong>kituri fotovoltaice stand-alone<\/strong> \u2013 sisteme fotovoltaice independente.<\/p>\n<p><strong>Port de comunicare VE.Direct<\/strong><br \/>\nAcesta poate fi conectat la calculatoare, smartphone-uri (Apple, Android), tablete, MacBooks \u0219i alte dispozitive compatibile.<\/p>\n<p><strong>Fiabilitate demonstrat\u0103<\/strong><\/p>\n<ul>\n<li>Tipologia transformatorului toroidal a dovedit fiabilitate pe termen lung.<\/li>\n<li>Invertoarele Phoenix ofer\u0103 protec\u021bie \u00eempotriva:\n<ul>\n<li>Scurt-circuitului<\/li>\n<li>Suprasarcinii<\/li>\n<li>Suprainc\u0103lzirii<\/li>\n<li>Temperaturii ambientale ridicate<\/li>\n<\/ul>\n<\/li>\n<\/ul>\n<p><strong>Mod ECO<\/strong><\/p>\n<ul>\n<li>\u00cen modul <strong>ECO<\/strong>, invertorul trece \u00een repaus c\u00e2nd sarcina scade sub un nivel presetat.<\/li>\n<li>Dup\u0103 intrarea \u00een regimul de a\u0219teptare, acesta se activeaz\u0103 pentru o perioad\u0103 scurt\u0103 de timp (2.5 secunde, setare din fabric\u0103). Dac\u0103 sarcina dep\u0103\u0219e\u0219te nivelul prestabilit, invertorul r\u0103m\u00e2ne pornit.<\/li>\n<\/ul>\n<p><strong>Telecomand\u0103 on\/off<\/strong><\/p>\n<ul>\n<li>Poate fi conectat\u0103 la un conector cu doi poli, disponibil pentru toate modelele Phoenix.<\/li>\n<\/ul>\n<p><strong>Comutator de transfer automat<\/strong><\/p>\n<ul>\n<li>Pentru modelele cu putere redus\u0103, se recomand\u0103 utilizarea comutatorului de transfer automat <strong>Filax<\/strong>.<\/li>\n<li>Filax are un timp de transfer foarte scurt (sub 20 de milisecunde), permi\u021b\u00e2nd calculatoarelor sau echipamentelor electronice s\u0103 func\u021bioneze f\u0103r\u0103 \u00eentreruperi.<\/li>\n<\/ul>\n<h3><strong>Selec\u021bie specifica\u021bii tehnice:<\/strong><\/h3>\n<ul>\n<li><strong>Dimensiuni:<\/strong> 105 x 216 x 305 mm<\/li>\n<li><strong>Greutate:<\/strong> 5.5 kg<\/li>\n<li><strong>Putere generat\u0103 \u00een CA la 25\u00b0C:<\/strong> 800 VA<\/li>\n<li><strong>Putere generat\u0103 la 25\u00b0C \/ 40\u00b0C:<\/strong> 650 \/ 560 W<\/li>\n<li><strong>Puterea de v\u00e2rf:<\/strong> 1500 W<\/li>\n<li><strong>Tensiune CA la ie\u0219ire \/ frecven\u021b\u0103:<\/strong> 110 VAC sau 230 VAC +\/- 3%, 50 Hz sau 60 Hz +\/- 0,1%<\/li>\n<li><strong>Nivelul de tensiune la intrare:<\/strong> 36,8 &#8211; 62,0 V<\/li>\n<li><strong>Alarm\u0103 pentru tensiune mic\u0103 baterie:<\/strong> 43.6 V<\/li>\n<li><strong>Oprire alimentare de la baterie:<\/strong> 37.2 V<\/li>\n<li><strong>Tensiune redus\u0103 baterie (autoregenerare):<\/strong> 56 V<\/li>\n<li><strong>Eficien\u021b\u0103 maxim\u0103:<\/strong> 91%<\/li>\n<li><strong>Putere la sarcin\u0103 zero:<\/strong> 9.5 W<\/li>\n<li><strong>Protec\u021bie invertor sistem panouri fotovoltaice:<\/strong> a &#8211; f<\/li>\n<li><strong>Gama temperaturii de operare:<\/strong> -40 to +65\u00b0C (r\u0103cire cu ajutorul ventilatorului)<\/li>\n<li><strong>Umiditate maxim\u0103 (f\u0103r\u0103 condens):<\/strong> 95%<\/li>\n<li><strong>Standarde:<\/strong> EN-IEC 60335-1 \/ EN-IEC 62109-1 \/ UL 458 \/ EN 55014-1 \/ EN 55014-2 \/ IEC 61000-6-1 \/ IEC 61000-6-2 \/ IEC 61000-6-3<\/li>\n<\/ul>\n<\/div>\n<\/div>\n<\/div>\n<\/div>\n","protected":false},"excerpt":{"rendered":"<p>Pot\u00eancia AC a 25\u00b0C (VA) 800;<br \/>\nPot\u00eancia m\u00e1xima (W) 1500;<br \/>\nTens\u00e3o de sa\u00edda CA (V) 230;<br \/>\nTens\u00e3o de entrada (V DC) <span lang=\"ro\" xml:lang=\"ro\"> 36,8 \u2013 62,0<\/span>;<br \/>\nEfici\u00eancia m\u00e1xima (%) 91;<br \/>\nSinusoide pura<br \/>\n\u2705 5 ANOS DE GARANTIA<\/p>\n<p><a href=\"https:\/\/solartech.ro\/wp-content\/uploads\/2024\/09\/fisa-tehnica-invertor-off-grid-12-250v-victron-pheonix-pin121251200-400w-ip21-87-11825.pdf\">Descarregar a ficha de dados<\/a><br \/>\n<a href=\"https:\/\/solartech.ro\/wp-content\/uploads\/2024\/09\/manual-de-utilizare-invertor-off-grid-12-250v-victron-pheonix-pin121251200-400w-ip21-87-11713.pdf\">Descarregar o manual<\/a><\/p>","protected":false},"featured_media":100000021484,"comment_status":"closed","ping_status":"closed","template":"","meta":[],"product_brand":[],"product_cat":[195,196,301],"product_tag":[302,262,304,305,3471],"class_list":{"0":"post-12627","1":"product","2":"type-product","3":"status-publish","4":"has-post-thumbnail","6":"product_cat-invertoare-fotovoltaice","7":"product_cat-invertoare-victron","8":"product_cat-invertoare-victron-phoenix","9":"product_tag-invertor-48v","10":"product_tag-invertor-48v-victron","11":"product_tag-invertor-phoenix","12":"product_tag-invertor-phoenix-victron","13":"product_tag-schuko","15":"first","16":"onbackorder","17":"sale","18":"taxable","19":"shipping-taxable","20":"purchasable","21":"product-type-simple"},"_links":{"self":[{"href":"https:\/\/solartech.eu\/pt\/wp-json\/wp\/v2\/product\/12627","targetHints":{"allow":["GET"]}}],"collection":[{"href":"https:\/\/solartech.eu\/pt\/wp-json\/wp\/v2\/product"}],"about":[{"href":"https:\/\/solartech.eu\/pt\/wp-json\/wp\/v2\/types\/product"}],"replies":[{"embeddable":true,"href":"https:\/\/solartech.eu\/pt\/wp-json\/wp\/v2\/comments?post=12627"}],"version-history":[{"count":0,"href":"https:\/\/solartech.eu\/pt\/wp-json\/wp\/v2\/product\/12627\/revisions"}],"wp:featuredmedia":[{"embeddable":true,"href":"https:\/\/solartech.eu\/pt\/wp-json\/"}],"wp:attachment":[{"href":"https:\/\/solartech.eu\/pt\/wp-json\/wp\/v2\/media?parent=12627"}],"wp:term":[{"taxonomy":"product_brand","embeddable":true,"href":"https:\/\/solartech.eu\/pt\/wp-json\/wp\/v2\/product_brand?post=12627"},{"taxonomy":"product_cat","embeddable":true,"href":"https:\/\/solartech.eu\/pt\/wp-json\/wp\/v2\/product_cat?post=12627"},{"taxonomy":"product_tag","embeddable":true,"href":"https:\/\/solartech.eu\/pt\/wp-json\/wp\/v2\/product_tag?post=12627"}],"curies":[{"name":"wp","href":"https:\/\/api.w.org\/{rel}","templated":true}]}}