{"id":11243,"date":"1970-01-01T00:00:00","date_gmt":"1969-12-31T22:00:00","guid":{"rendered":"https:\/\/solartech.eu\/ro\/product\/invertor-huawei-6kw-sun2000-6ktl-l1-monofazat\/"},"modified":"2026-04-02T11:03:10","modified_gmt":"2026-04-02T09:03:10","slug":"invertor-huawei-6kw-sun2000-6ktl-l1-monofazat","status":"publish","type":"product","link":"https:\/\/solartech.eu\/pt\/p\/invertor-huawei-6kw-sun2000-6ktl-l1-monofazat\/","title":{"rendered":"Inversor Huawei 6kW SUN2000-6KTL-L1 Monof\u00e1sico"},"content":{"rendered":"<p>O inversor SUN2000L-6KTL-L1 da Huawei faz parte de uma nova gama de inversores h\u00edbridos, esta vers\u00e3o tem uma pot\u00eancia de sa\u00edda de 6000W. As elevadas efici\u00eancias s\u00e3o poss\u00edveis gra\u00e7as a uma efici\u00eancia m\u00e1xima de 98,4% (efici\u00eancia europeia de 97,7%). A monitoriza\u00e7\u00e3o \u00e9 f\u00e1cil com os novos inversores e existe suporte para novos optimizadores de pot\u00eancia. O inversor \u00e9 tamb\u00e9m seguro e fi\u00e1vel gra\u00e7as ao inv\u00f3lucro e \u00e0 prote\u00e7\u00e3o integrados.<\/p>\n<p>O Huawei SUN2000L-6KTL-L1 pode utilizar a energia gerada em coopera\u00e7\u00e3o com as baterias diretamente ligadas, aliment\u00e1-la de volta \u00e0 rede el\u00e9ctrica ou armazen\u00e1-la, se necess\u00e1rio. A interface de armazenamento de energia integrada garante que, para al\u00e9m das baterias, nada mais \u00e9 necess\u00e1rio para o armazenamento de energia. Este inversor \u00e9 adequado tanto para as actuais baterias LG Chem como para a nova s\u00e9rie de baterias Huawei<\/p>\n<p>Esta s\u00e9rie de inversores residenciais monof\u00e1sicos tamb\u00e9m tem a funcionalidade WLAN integrada, que pode ser alargada com um dongle. A comunica\u00e7\u00e3o atrav\u00e9s de redes m\u00f3veis (Huawei Smart Dongle 4G) \u00e9 uma op\u00e7\u00e3o, ou pode ser utilizada cablagem (Huawei Smart Dongle WLAN FE). O inversor tem a chamada monitoriza\u00e7\u00e3o ao n\u00edvel do m\u00f3dulo, que permite a monitoriza\u00e7\u00e3o individual dos pain\u00e9is solares. Al\u00e9m disso, o inversor \u00e9 adequado para os novos optimizadores de pot\u00eancia SUN2000L-450W-P da Huawei.<\/p>\n<p>O Huawei SUN2000L-6KTL-L1 SUN2000L-6KTL-L1 tem uma classifica\u00e7\u00e3o IP65 e, como tal, tem uma boa prote\u00e7\u00e3o contra influ\u00eancias externas. O inversor \u00e9 arrefecido por convec\u00e7\u00e3o natural. Existe tamb\u00e9m uma prote\u00e7\u00e3o contra raios incorporada para DC e AC. Al\u00e9m disso, o inversor inclui prote\u00e7\u00e3o integrada contra falhas de arco.<\/p>\n<p><a href=\"https:\/\/solartech.ro\/wp-content\/uploads\/2022\/03\/Datasheet_Huawei-SUN2000L-2KTL-5KTL-L1_2020_ENG.pdf\">Descarregar a ficha de dados<\/a><\/p>","protected":false},"excerpt":{"rendered":"<p>O inversor SUN2000L-6KTL-L1 da Huawei faz parte de uma nova gama de inversores h\u00edbridos, esta vers\u00e3o tem uma pot\u00eancia de sa\u00edda de 6000W. As elevadas efici\u00eancias s\u00e3o poss\u00edveis gra\u00e7as a uma efici\u00eancia m\u00e1xima de 98,4% (efici\u00eancia europeia de 97,7%). A monitoriza\u00e7\u00e3o \u00e9 f\u00e1cil com os novos inversores e existe suporte para novos optimizadores de pot\u00eancia. O inversor \u00e9 tamb\u00e9m seguro e fi\u00e1vel gra\u00e7as ao inv\u00f3lucro e \u00e0 prote\u00e7\u00e3o integrados. A instala\u00e7\u00e3o \u00e9 r\u00e1pida e f\u00e1cil gra\u00e7as ao tamanho pr\u00e1tico e ao peso reduzido.<\/p>\n<p><a href=\"https:\/\/solartech.ro\/wp-content\/uploads\/2022\/03\/Datasheet_Huawei-SUN2000L-2KTL-5KTL-L1_2020_ENG.pdf\">Descarregar a ficha de dados<\/a><\/p>","protected":false},"featured_media":10000007428,"comment_status":"closed","ping_status":"closed","template":"","meta":[],"product_brand":[],"product_cat":[195,2318,2663],"product_tag":[2975,3008,3009,3010,2979,2980,2981,2982,2983,2984,2985],"class_list":{"0":"post-11243","1":"product","2":"type-product","3":"status-publish","4":"has-post-thumbnail","6":"product_cat-invertoare-fotovoltaice","7":"product_cat-invertoare-huawei","8":"product_cat-rezidentiale","9":"product_tag-baterie-huawei-ongrid","10":"product_tag-huawei-6000w","11":"product_tag-huawei-6kw","12":"product_tag-huawei-sun2000-6ktl-l1","13":"product_tag-invertor-hibrid-huawei","14":"product_tag-invertor-hibrid-ongrid-huawei","15":"product_tag-invertor-huawei-baterie","16":"product_tag-invertor-huawei-hibrid","17":"product_tag-invertor-huawei-monofazat","18":"product_tag-invertor-ongrid-huawei","19":"product_tag-invertor-ongrid-huawei-monofazat","21":"first","22":"instock","23":"taxable","24":"shipping-taxable","25":"purchasable","26":"product-type-simple"},"_links":{"self":[{"href":"https:\/\/solartech.eu\/pt\/wp-json\/wp\/v2\/product\/11243","targetHints":{"allow":["GET"]}}],"collection":[{"href":"https:\/\/solartech.eu\/pt\/wp-json\/wp\/v2\/product"}],"about":[{"href":"https:\/\/solartech.eu\/pt\/wp-json\/wp\/v2\/types\/product"}],"replies":[{"embeddable":true,"href":"https:\/\/solartech.eu\/pt\/wp-json\/wp\/v2\/comments?post=11243"}],"version-history":[{"count":0,"href":"https:\/\/solartech.eu\/pt\/wp-json\/wp\/v2\/product\/11243\/revisions"}],"wp:featuredmedia":[{"embeddable":true,"href":"https:\/\/solartech.eu\/pt\/wp-json\/"}],"wp:attachment":[{"href":"https:\/\/solartech.eu\/pt\/wp-json\/wp\/v2\/media?parent=11243"}],"wp:term":[{"taxonomy":"product_brand","embeddable":true,"href":"https:\/\/solartech.eu\/pt\/wp-json\/wp\/v2\/product_brand?post=11243"},{"taxonomy":"product_cat","embeddable":true,"href":"https:\/\/solartech.eu\/pt\/wp-json\/wp\/v2\/product_cat?post=11243"},{"taxonomy":"product_tag","embeddable":true,"href":"https:\/\/solartech.eu\/pt\/wp-json\/wp\/v2\/product_tag?post=11243"}],"curies":[{"name":"wp","href":"https:\/\/api.w.org\/{rel}","templated":true}]}}