{"id":11205,"date":"2022-05-06T14:38:00","date_gmt":"2022-05-06T12:38:00","guid":{"rendered":"https:\/\/solartech.eu\/ro\/product\/invertor-huawei-30kw-sun2000-30ktl-m3-trifazat\/"},"modified":"2026-04-02T11:03:01","modified_gmt":"2026-04-02T09:03:01","slug":"invertor-huawei-30kw-sun2000-30ktl-m3-trifazat","status":"publish","type":"product","link":"https:\/\/solartech.eu\/fr\/p\/invertor-huawei-30kw-sun2000-30ktl-m3-trifazat\/","title":{"rendered":"Huawei Onduleur 30kW SUN2000-30KTL-M3 Triphas\u00e9"},"content":{"rendered":"<p>Le Huawei SUN2000-30KTL-M3 est un onduleur triphas\u00e9 pour r\u00e9seau \u00e9lectrique qui fait partie d'une s\u00e9rie de produits utilisant une topologie de circuit \u00e0 trois \u00e9tages, avec un rendement maximal de 98,7%.<\/p>\n<p>Les r\u00e9sultats des tests de photon sont A+\/A+ \u00e0 la fois pour une irradiation \u00e9lev\u00e9e et moyenne. Les quatre trackers MPPT dont cet onduleur est \u00e9quip\u00e9 sont adaptables et flexibles pour un rendement extr\u00eamement \u00e9lev\u00e9 dans les syst\u00e8mes PV utilis\u00e9s. Le module de protection contre la foudre DC et AC et la possibilit\u00e9 de refroidissement naturel du syst\u00e8me am\u00e9liorent la fiabilit\u00e9 du produit. Il est possible d'augmenter l'efficacit\u00e9 de l'onduleur en utilisant l'optimiseur Huawei SUN2000-450W-P.<\/p>\n<p>Ainsi, cet onduleur triphas\u00e9 pr\u00e9sente une bonne adaptabilit\u00e9 \u00e0 l'environnement et peut \u00eatre utilis\u00e9 aussi bien pour un usage domestique que pour des syst\u00e8mes plus importants. Il est extr\u00eamement facile \u00e0 utiliser gr\u00e2ce \u00e0 son \u00e9cran avec indicateurs LED, \u00e0 l'adaptateur WLAN et \u00e0 l'APP FusionSolar. La connexion WLAN est possible en utilisant un Huawei Smart Dongle WLan. Il est \u00e9galement compatible avec une connexion 4G via un Huawei 4G Dongle.<\/p>\n<p><a href=\"https:\/\/solartech.ro\/wp-content\/uploads\/2022\/06\/Datasheet_Huawei-SUN2000-30KTL-M3.pdf\">T\u00e9l\u00e9charger la fiche technique<\/a><\/p>","protected":false},"excerpt":{"rendered":"<p>Le Huawei SUN2000-30KTL-M3 est un onduleur triphas\u00e9 pour r\u00e9seau \u00e9lectrique qui fait partie d'une s\u00e9rie de produits utilisant une topologie de circuit \u00e0 trois \u00e9tages, avec un rendement maximal de 98,7%.<\/p>\n<p>Les r\u00e9sultats des tests de photon sont A+\/A+ \u00e0 la fois pour une irradiation \u00e9lev\u00e9e et moyenne. Les quatre trackers MPPT dont cet onduleur est \u00e9quip\u00e9 sont adaptables et flexibles pour un rendement extr\u00eamement \u00e9lev\u00e9 dans les syst\u00e8mes PV utilis\u00e9s. Le module de protection contre la foudre DC et AC et la possibilit\u00e9 de refroidissement naturel du syst\u00e8me am\u00e9liorent la fiabilit\u00e9 du produit. Il est possible d'augmenter l'efficacit\u00e9 de l'onduleur en utilisant l'optimiseur Huawei SUN2000-450W-P.<\/p>\n<p>Ainsi, cet onduleur triphas\u00e9 pr\u00e9sente une bonne adaptabilit\u00e9 \u00e0 l'environnement et peut \u00eatre utilis\u00e9 aussi bien pour un usage domestique que pour des syst\u00e8mes plus importants. Il est extr\u00eamement facile \u00e0 utiliser gr\u00e2ce \u00e0 son \u00e9cran avec indicateurs LED, \u00e0 l'adaptateur WLAN et \u00e0 l'APP FusionSolar. La connexion WLAN est possible en utilisant un Huawei Smart Dongle WLan. Il est \u00e9galement compatible avec une connexion 4G via un Huawei 4G Dongle.<\/p>\n<p><a href=\"https:\/\/solartech.ro\/wp-content\/uploads\/2022\/06\/Datasheet_Huawei-SUN2000-30KTL-M3.pdf\">T\u00e9l\u00e9charger la fiche technique<\/a><\/p>","protected":false},"featured_media":10000008108,"comment_status":"closed","ping_status":"closed","template":"","meta":[],"product_brand":[],"product_cat":[2752,195,2318],"product_tag":[2779,2780,2781,2782,2783,2784,2785,2786],"class_list":{"0":"post-11205","1":"product","2":"type-product","3":"status-publish","4":"has-post-thumbnail","6":"product_cat-comerciale","7":"product_cat-invertoare-fotovoltaice","8":"product_cat-invertoare-huawei","9":"product_tag-huawei-30kw-trifazic","10":"product_tag-invertor-huawei-30kw","11":"product_tag-invertor-trifazat-30kw","12":"product_tag-invertor-trifazat-huawei-30kw","13":"product_tag-invertor-trifazic-30kw","14":"product_tag-sun2000-30ktl-m2","15":"product_tag-sun2000-30kw","16":"product_tag-sun2000-30ktl-m3","18":"first","19":"outofstock","20":"taxable","21":"shipping-taxable","22":"purchasable","23":"product-type-simple"},"_links":{"self":[{"href":"https:\/\/solartech.eu\/fr\/wp-json\/wp\/v2\/product\/11205","targetHints":{"allow":["GET"]}}],"collection":[{"href":"https:\/\/solartech.eu\/fr\/wp-json\/wp\/v2\/product"}],"about":[{"href":"https:\/\/solartech.eu\/fr\/wp-json\/wp\/v2\/types\/product"}],"replies":[{"embeddable":true,"href":"https:\/\/solartech.eu\/fr\/wp-json\/wp\/v2\/comments?post=11205"}],"version-history":[{"count":0,"href":"https:\/\/solartech.eu\/fr\/wp-json\/wp\/v2\/product\/11205\/revisions"}],"wp:featuredmedia":[{"embeddable":true,"href":"https:\/\/solartech.eu\/fr\/wp-json\/"}],"wp:attachment":[{"href":"https:\/\/solartech.eu\/fr\/wp-json\/wp\/v2\/media?parent=11205"}],"wp:term":[{"taxonomy":"product_brand","embeddable":true,"href":"https:\/\/solartech.eu\/fr\/wp-json\/wp\/v2\/product_brand?post=11205"},{"taxonomy":"product_cat","embeddable":true,"href":"https:\/\/solartech.eu\/fr\/wp-json\/wp\/v2\/product_cat?post=11205"},{"taxonomy":"product_tag","embeddable":true,"href":"https:\/\/solartech.eu\/fr\/wp-json\/wp\/v2\/product_tag?post=11205"}],"curies":[{"name":"wp","href":"https:\/\/api.w.org\/{rel}","templated":true}]}}