{"id":11166,"date":"2022-08-18T14:29:01","date_gmt":"2022-08-18T12:29:01","guid":{"rendered":"https:\/\/solartech.eu\/ro\/product\/acumulator-litiu-lifepo4-48v-5-12kwh-pytes-e-box-48100r\/"},"modified":"2026-04-02T11:02:51","modified_gmt":"2026-04-02T09:02:51","slug":"acumulator-litiu-lifepo4-48v-5-12kwh-pytes-e-box-48100r","status":"publish","type":"product","link":"https:\/\/solartech.eu\/fr\/p\/acumulator-litiu-lifepo4-48v-5-12kwh-pytes-e-box-48100r\/","title":{"rendered":"Batterie au lithium LifePo4 5.12kWh, Pytes E-BOX-48100R"},"content":{"rendered":"<p>La s\u00e9rie E-BOX, la nouvelle g\u00e9n\u00e9ration de batteries LiFePo4 pour les syst\u00e8mes de stockage d'\u00e9nergie. Le fabricant de batteries Pytes propose un standard LiFePo4 s\u00fbr, bien con\u00e7u et tr\u00e8s performant. La batterie est compacte, facile \u00e0 installer, sans entretien et peut \u00eatre d\u00e9ploy\u00e9e dans un syst\u00e8me de stockage d'\u00e9nergie par assemblage en parall\u00e8le. Il est largement utilis\u00e9 dans les applications domestiques, les petits syst\u00e8mes de stockage d'\u00e9nergie commerciaux et industriels, ainsi que dans les stations de t\u00e9l\u00e9communication.<\/p>\n<p><a href=\"https:\/\/solartech.ro\/wp-content\/uploads\/2022\/08\/E-BOX-48100R-Datasheet.pdf\">T\u00e9l\u00e9charger la fiche technique<\/a><br \/>\n<a href=\"https:\/\/solartech.ro\/wp-content\/uploads\/2022\/08\/E-BOX-48100R-Datasheet.pdf\">T\u00e9l\u00e9charger la liste des onduleurs compatibles (CAN\/RS485)<\/a><\/p>","protected":false},"excerpt":{"rendered":"<p>Batterie sp\u00e9cialement con\u00e7ue pour les applications photovolta\u00efques avec jusqu'\u00e0 6000 cycles. Elle est compacte, facile \u00e0 installer, sans entretien et peut \u00eatre d\u00e9ploy\u00e9e avec succ\u00e8s dans des applications domestiques ou commerciales.<\/p>\n<p><a href=\"https:\/\/solartech.ro\/wp-content\/uploads\/2022\/08\/48100R-C-BrochureEnglish.pdf\">T\u00e9l\u00e9charger la fiche technique<\/a><br \/>\n<a href=\"https:\/\/solartech.ro\/wp-content\/uploads\/2022\/08\/E-BOX-48100R-Datasheet.pdf\">T\u00e9l\u00e9charger la liste des onduleurs compatibles (CAN\/RS485)<\/a><\/p>","protected":false},"featured_media":10000009054,"comment_status":"open","ping_status":"closed","template":"","meta":[],"product_brand":[],"product_cat":[209,4062,208],"product_tag":[2569,2570,2571,2572,2573,2574,2575,2576,2577],"class_list":{"0":"post-11166","1":"product","2":"type-product","3":"status-publish","4":"has-post-thumbnail","6":"product_cat-acumulatori-fotovoltaice","7":"product_cat-acumulatori-low-voltage","8":"product_cat-acumulatori-solari-fotovoltaice","9":"product_tag-acumulator-5kw-pytes","10":"product_tag-acumulator-e-box-48100r","11":"product_tag-acumulator-fotovoltaic-pytes-5kw","12":"product_tag-acumulator-litiu-fier-fosfat","13":"product_tag-acumulator-pytes","14":"product_tag-acumulator-pytes-5-12kw","15":"product_tag-acumulator-solar-lifepo4","16":"product_tag-acumulator-solar-litiu","17":"product_tag-pytes-e-box-48100r","19":"first","20":"instock","21":"sale","22":"featured","23":"taxable","24":"shipping-taxable","25":"purchasable","26":"product-type-simple"},"_links":{"self":[{"href":"https:\/\/solartech.eu\/fr\/wp-json\/wp\/v2\/product\/11166","targetHints":{"allow":["GET"]}}],"collection":[{"href":"https:\/\/solartech.eu\/fr\/wp-json\/wp\/v2\/product"}],"about":[{"href":"https:\/\/solartech.eu\/fr\/wp-json\/wp\/v2\/types\/product"}],"replies":[{"embeddable":true,"href":"https:\/\/solartech.eu\/fr\/wp-json\/wp\/v2\/comments?post=11166"}],"version-history":[{"count":1,"href":"https:\/\/solartech.eu\/fr\/wp-json\/wp\/v2\/product\/11166\/revisions"}],"predecessor-version":[{"id":24292,"href":"https:\/\/solartech.eu\/fr\/wp-json\/wp\/v2\/product\/11166\/revisions\/24292"}],"wp:featuredmedia":[{"embeddable":true,"href":"https:\/\/solartech.eu\/fr\/wp-json\/"}],"wp:attachment":[{"href":"https:\/\/solartech.eu\/fr\/wp-json\/wp\/v2\/media?parent=11166"}],"wp:term":[{"taxonomy":"product_brand","embeddable":true,"href":"https:\/\/solartech.eu\/fr\/wp-json\/wp\/v2\/product_brand?post=11166"},{"taxonomy":"product_cat","embeddable":true,"href":"https:\/\/solartech.eu\/fr\/wp-json\/wp\/v2\/product_cat?post=11166"},{"taxonomy":"product_tag","embeddable":true,"href":"https:\/\/solartech.eu\/fr\/wp-json\/wp\/v2\/product_tag?post=11166"}],"curies":[{"name":"wp","href":"https:\/\/api.w.org\/{rel}","templated":true}]}}