{"id":11117,"date":"2022-10-16T15:55:55","date_gmt":"2022-10-16T13:55:55","guid":{"rendered":"https:\/\/solartech.eu\/ro\/product\/backup-box-b0-huawei-tablou-comutare-automata-monofazat\/"},"modified":"2026-04-02T11:02:40","modified_gmt":"2026-04-02T09:02:40","slug":"backup-box-b0-huawei-tablou-comutare-automata-monofazat","status":"publish","type":"product","link":"https:\/\/solartech.eu\/fr\/p\/backup-box-b0-huawei-tablou-comutare-automata-monofazat\/","title":{"rendered":"Backup Box-B0 Huawei Huawei Panneau de commutation automatique monophas\u00e9"},"content":{"rendered":"<p style=\"text-align: left\">Le bo\u00eetier de secours de Huawei garantit l'alimentation de vos t\u00e2ches m\u00eame en cas de panne de courant. Associ\u00e9 \u00e0 la s\u00e9rie d'onduleurs L1 (monophas\u00e9s), le bo\u00eetier de sauvegarde permet une alimentation \u00e9lectrique de secours en cas de d\u00e9faillance du r\u00e9seau. L'installation et le fonctionnement du bo\u00eetier de secours pour syst\u00e8mes solaires sont tr\u00e8s simples. L'appareil communique avec l'onduleur par le biais d'une simple entr\u00e9e num\u00e9rique. Le temps de commutation est de 1 \u00e0 2 secondes.<\/p>\n<p><a href=\"https:\/\/solartech.ro\/wp-content\/uploads\/2022\/10\/backup-box-1.pdf\">T\u00e9l\u00e9charger la fiche technique<\/a><\/p>","protected":false},"excerpt":{"rendered":"<p>Le bo\u00eetier de secours de Huawei garantit l'alimentation de vos t\u00e2ches m\u00eame en cas de panne de courant. Associ\u00e9 \u00e0 la s\u00e9rie d'onduleurs L1 (monophas\u00e9s), le bo\u00eetier de sauvegarde permet une alimentation \u00e9lectrique de secours en cas de d\u00e9faillance du r\u00e9seau. L'installation et le fonctionnement du bo\u00eetier de secours pour syst\u00e8mes solaires sont tr\u00e8s simples. L'appareil communique avec l'onduleur par le biais d'une simple entr\u00e9e num\u00e9rique. Le temps de commutation est de 1 \u00e0 2 secondes.<\/p>\n<p><a href=\"https:\/\/solartech.ro\/wp-content\/uploads\/2022\/10\/backup-box-1.pdf\">T\u00e9l\u00e9charger la fiche technique<\/a><\/p>","protected":false},"featured_media":100000010306,"comment_status":"closed","ping_status":"closed","template":"","meta":[],"product_brand":[],"product_cat":[2320,195,2318],"product_tag":[2323,2324,2325,2326,2327,2328],"class_list":{"0":"post-11117","1":"product","2":"type-product","3":"status-publish","4":"has-post-thumbnail","6":"product_cat-accesorii-huawei","7":"product_cat-invertoare-fotovoltaice","8":"product_cat-invertoare-huawei","9":"product_tag-backup-box-huawei","10":"product_tag-backup-box-huawei-in-stoc","11":"product_tag-backup-box-huawei-l1","12":"product_tag-backup-box-monofazat-huawei","13":"product_tag-tablou-comutare-huawei","14":"product_tag-tablou-comutare-monofazat-huawei","16":"first","17":"instock","18":"sale","19":"taxable","20":"shipping-taxable","21":"purchasable","22":"product-type-simple"},"_links":{"self":[{"href":"https:\/\/solartech.eu\/fr\/wp-json\/wp\/v2\/product\/11117","targetHints":{"allow":["GET"]}}],"collection":[{"href":"https:\/\/solartech.eu\/fr\/wp-json\/wp\/v2\/product"}],"about":[{"href":"https:\/\/solartech.eu\/fr\/wp-json\/wp\/v2\/types\/product"}],"replies":[{"embeddable":true,"href":"https:\/\/solartech.eu\/fr\/wp-json\/wp\/v2\/comments?post=11117"}],"version-history":[{"count":0,"href":"https:\/\/solartech.eu\/fr\/wp-json\/wp\/v2\/product\/11117\/revisions"}],"wp:featuredmedia":[{"embeddable":true,"href":"https:\/\/solartech.eu\/fr\/wp-json\/"}],"wp:attachment":[{"href":"https:\/\/solartech.eu\/fr\/wp-json\/wp\/v2\/media?parent=11117"}],"wp:term":[{"taxonomy":"product_brand","embeddable":true,"href":"https:\/\/solartech.eu\/fr\/wp-json\/wp\/v2\/product_brand?post=11117"},{"taxonomy":"product_cat","embeddable":true,"href":"https:\/\/solartech.eu\/fr\/wp-json\/wp\/v2\/product_cat?post=11117"},{"taxonomy":"product_tag","embeddable":true,"href":"https:\/\/solartech.eu\/fr\/wp-json\/wp\/v2\/product_tag?post=11117"}],"curies":[{"name":"wp","href":"https:\/\/api.w.org\/{rel}","templated":true}]}}