{"id":16255,"date":"2025-09-20T21:23:25","date_gmt":"2025-09-20T19:23:25","guid":{"rendered":"https:\/\/solartech.eu\/p\/sonometru-uni-t-ut353\/"},"modified":"2026-03-19T13:48:46","modified_gmt":"2026-03-19T11:48:46","slug":"sonometru-uni-t-ut353","status":"publish","type":"product","link":"https:\/\/solartech.eu\/fi\/p\/sonometru-uni-t-ut353\/","title":{"rendered":"\u00c4\u00e4nenvoimakkuusmittari UNI-T UT353"},"content":{"rendered":"<p>UNI-T UT353 \u00e4\u00e4nenvoimakkuusmittari <br \/> T\u00e4lle tuotteelle my\u00f6nnet\u00e4\u00e4n 3 vuoden takuu.<\/p>\n<p>UT 353 -\u00e4\u00e4nimittari on korkealaatuinen digitaalinen \u00e4\u00e4nimittari, joka on tarkoitettu ymp\u00e4rist\u00f6n valvontaan, terveydenhuollon mittauksiin ja teollisuuden koneiden melun mittaamiseen. Se muuntaa ymp\u00e4rist\u00f6n \u00e4\u00e4nen s\u00e4hk\u00f6iseksi signaaliksi ja n\u00e4ytt\u00e4\u00e4 tulokset LCD-n\u00e4yt\u00f6ll\u00e4. Se voi seurata jatkuvasti ymp\u00e4rist\u00f6n \u00e4\u00e4nt\u00e4. Siin\u00e4 on 1\/2 tuuman herkk\u00e4 kondensaattorimikrofoni, jonka taajuusalue on v\u00e4hint\u00e4\u00e4n 31,5 Hz \u2013 8000 Hz. Mittaus tapahtuu ihmiskorvan fysiologisen herkkyysk\u00e4yr\u00e4n (A) mukaisesti. Melun mittausalue on 30 dB \u2013 130 dB, resoluutio 0,1 dB ja tarkkuus \u00b1 1,5 dB. Voit valita vasteajan 125 ms tai 1 s hidas. Eritt\u00e4in pieni virrankulutus 3 1,5 V:n paristolla (R03).<\/p>\n<p>Tuotteen parametrit:<\/p>\n<p>\u2013 \u00e4\u00e4nenpaineen mittaaminen 30\u2013130 dB<br \/>\u2013 mittaustarkkuus \u00b1 1,5 dB<br \/>\u2013 mittaustaajuusalue 31,5 Hz:st\u00e4 fysiologiseen tilaan<br \/>\u2013 0,5 dB<br \/>\u2013 ihmiskorvan herkkyysk\u00e4yr\u00e4 (A)<br \/>\u2013 mittauksen vasteaika 125 ms tai 1 s<br \/>\u2013 taustavalaistu n\u00e4ytt\u00f6<\/p>\n<p>Tekniset parametrit:<\/p>\n<p>\u2013 \u00e4\u00e4nenpaineen tason mittaus 30\u2013130 dB<br \/>\u2013 resoluutio 0,1dB<br \/>\u2013 koko mittauksen tarkkuus<br \/>\u2013 1,5 dB<br \/>\u2013 mittaustaajuusalue 31,5 Hz \u2013 8000 Hz<br \/>\u2013 ihmiskorvan fysiologisen herkkyysk\u00e4yr\u00e4n muoto (A)<br \/>\u2013 mittauksen vasteaika 125 ms tai 1 s<br \/>\u2013 max\/min-n\u00e4ytt\u00f6tila<br \/>\u2013 \u201eYlikuormitus\u201d -ilmaisun (OL) z<br \/> n\u00e4ytt\u00f6<br \/>\u2013 automaattinen sammutus Sleep Mode<br \/>\u2013 3 x 1,5 V (R03) paristoilla toimiva<br \/>\u2013 akun heikon varauksen merkkivalo<br \/>\u2013 32 x 26 mm:n valaistu valkoinen n\u00e4ytt\u00f6<br \/>\u2013 mitat 150 x 52 x 27 mm<br \/>\u2013 paino 116 g<br \/>&gt;<\/p>\n<p> tasomittari UT 353: 1 kpl<br \/>\u2013 n\u00e4yt\u00f6n kansi \u2013 lasi: 1 kpl<br \/>\u2013 1,5 V:n paristo (AAA, R03): 3 kpl<br \/>\u2013 vuorattu pakkaus: 1 kpl<br \/>\u2013 K\u00e4sikirja t\u0161ekin ja englannin kielell\u00e4: 1 kpl<\/p>\n<p>Pakkaus tukkuasiakkaille\/laatikko: -&lt;br\/ vakiom\u00e4\u00e4r\u00e4\/laatikko: -<br \/> 40 kpl<br \/>\u2013 laatikon vakiomitat: 505 x 330 x 280 mm<br \/>\u2013 laatikon bruttopaino: noin 8,42 kg<\/p>\n<p>VALMISTAJA: UNI-TREND<\/p>","protected":false},"excerpt":{"rendered":"<p>UNI-T UT353 -\u00e4\u00e4nimittari T\u00e4lle tuotteelle my\u00f6nnet\u00e4\u00e4n 3 vuoden takuu. UT 353 -\u00e4\u00e4nimittari on digitaalinen \u00e4\u00e4nimittari, jonka<\/p>","protected":false},"featured_media":100000076841,"comment_status":"open","ping_status":"closed","template":"","meta":[],"product_brand":[],"product_cat":[396],"product_tag":[],"class_list":{"0":"post-16255","1":"product","2":"type-product","3":"status-publish","4":"has-post-thumbnail","6":"product_cat-scule-instalatori","8":"first","9":"onbackorder","10":"taxable","11":"shipping-taxable","12":"purchasable","13":"product-type-simple"},"_links":{"self":[{"href":"https:\/\/solartech.eu\/fi\/wp-json\/wp\/v2\/product\/16255","targetHints":{"allow":["GET"]}}],"collection":[{"href":"https:\/\/solartech.eu\/fi\/wp-json\/wp\/v2\/product"}],"about":[{"href":"https:\/\/solartech.eu\/fi\/wp-json\/wp\/v2\/types\/product"}],"replies":[{"embeddable":true,"href":"https:\/\/solartech.eu\/fi\/wp-json\/wp\/v2\/comments?post=16255"}],"version-history":[{"count":0,"href":"https:\/\/solartech.eu\/fi\/wp-json\/wp\/v2\/product\/16255\/revisions"}],"wp:featuredmedia":[{"embeddable":true,"href":"https:\/\/solartech.eu\/fi\/wp-json\/"}],"wp:attachment":[{"href":"https:\/\/solartech.eu\/fi\/wp-json\/wp\/v2\/media?parent=16255"}],"wp:term":[{"taxonomy":"product_brand","embeddable":true,"href":"https:\/\/solartech.eu\/fi\/wp-json\/wp\/v2\/product_brand?post=16255"},{"taxonomy":"product_cat","embeddable":true,"href":"https:\/\/solartech.eu\/fi\/wp-json\/wp\/v2\/product_cat?post=16255"},{"taxonomy":"product_tag","embeddable":true,"href":"https:\/\/solartech.eu\/fi\/wp-json\/wp\/v2\/product_tag?post=16255"}],"curies":[{"name":"wp","href":"https:\/\/api.w.org\/{rel}","templated":true}]}}