{"id":11116,"date":"2022-10-16T16:05:11","date_gmt":"2022-10-16T14:05:11","guid":{"rendered":"https:\/\/solartech.eu\/ro\/product\/backup-box-b1-huawei-tablou-comutare-automata-trifazat\/"},"modified":"2026-04-02T11:02:40","modified_gmt":"2026-04-02T09:02:40","slug":"backup-box-b1-huawei-tablou-comutare-automata-trifazat","status":"publish","type":"product","link":"https:\/\/solartech.eu\/es\/p\/backup-box-b1-huawei-tablou-comutare-automata-trifazat\/","title":{"rendered":"Backup Box-B1 Huawei Huawei Panel de conmutaci\u00f3n autom\u00e1tica trif\u00e1sica"},"content":{"rendered":"<p>El Backup Box de Huawei garantiza la alimentaci\u00f3n de sus tareas incluso en caso de corte del suministro el\u00e9ctrico. En combinaci\u00f3n con la serie de inversores trif\u00e1sicos, el bpox de respaldo permite el funcionamiento el\u00e9ctrico de emergencia en caso de fallo de la red. La instalaci\u00f3n y el funcionamiento de la caja de reserva para sistemas solares son muy sencillos. El dispositivo admite la comunicaci\u00f3n con el inversor simplemente a trav\u00e9s de una entrada digital. El tiempo de conmutaci\u00f3n es de 1-2 segundos.<\/p>\n<p><a href=\"https:\/\/solartech.ro\/wp-content\/uploads\/2022\/10\/backup-box-1.pdf\">Descargar hoja de datos<\/a><\/p>","protected":false},"excerpt":{"rendered":"<p>El Backup Box de Huawei garantiza la alimentaci\u00f3n de sus tareas incluso en caso de corte del suministro el\u00e9ctrico. En combinaci\u00f3n con la serie de inversores trif\u00e1sicos, el bpox de respaldo permite el funcionamiento el\u00e9ctrico de emergencia en caso de fallo de la red. La instalaci\u00f3n y el funcionamiento de la caja de reserva para sistemas solares son muy sencillos. El dispositivo admite la comunicaci\u00f3n con el inversor simplemente a trav\u00e9s de una entrada digital. El tiempo de conmutaci\u00f3n es de 1-2 segundos.<\/p>\n<p><a href=\"https:\/\/solartech.ro\/wp-content\/uploads\/2022\/10\/backup-box-1.pdf\">Descargar hoja de datos<\/a><\/p>","protected":false},"featured_media":100000010306,"comment_status":"closed","ping_status":"closed","template":"","meta":[],"product_brand":[],"product_cat":[2320,195,2318],"product_tag":[2321,2322],"class_list":{"0":"post-11116","1":"product","2":"type-product","3":"status-publish","4":"has-post-thumbnail","6":"product_cat-accesorii-huawei","7":"product_cat-invertoare-fotovoltaice","8":"product_cat-invertoare-huawei","9":"product_tag-backup-box-trifazat","10":"product_tag-huawei-backup-box-trifazat","12":"first","13":"onbackorder","14":"sale","15":"taxable","16":"shipping-taxable","17":"purchasable","18":"product-type-simple"},"_links":{"self":[{"href":"https:\/\/solartech.eu\/es\/wp-json\/wp\/v2\/product\/11116","targetHints":{"allow":["GET"]}}],"collection":[{"href":"https:\/\/solartech.eu\/es\/wp-json\/wp\/v2\/product"}],"about":[{"href":"https:\/\/solartech.eu\/es\/wp-json\/wp\/v2\/types\/product"}],"replies":[{"embeddable":true,"href":"https:\/\/solartech.eu\/es\/wp-json\/wp\/v2\/comments?post=11116"}],"version-history":[{"count":0,"href":"https:\/\/solartech.eu\/es\/wp-json\/wp\/v2\/product\/11116\/revisions"}],"wp:featuredmedia":[{"embeddable":true,"href":"https:\/\/solartech.eu\/es\/wp-json\/"}],"wp:attachment":[{"href":"https:\/\/solartech.eu\/es\/wp-json\/wp\/v2\/media?parent=11116"}],"wp:term":[{"taxonomy":"product_brand","embeddable":true,"href":"https:\/\/solartech.eu\/es\/wp-json\/wp\/v2\/product_brand?post=11116"},{"taxonomy":"product_cat","embeddable":true,"href":"https:\/\/solartech.eu\/es\/wp-json\/wp\/v2\/product_cat?post=11116"},{"taxonomy":"product_tag","embeddable":true,"href":"https:\/\/solartech.eu\/es\/wp-json\/wp\/v2\/product_tag?post=11116"}],"curies":[{"name":"wp","href":"https:\/\/api.w.org\/{rel}","templated":true}]}}