{"id":11427,"date":"2024-09-11T15:30:40","date_gmt":"2024-09-11T13:30:40","guid":{"rendered":"https:\/\/solartech.eu\/ro\/?post_type=product&#038;p=11427"},"modified":"2026-04-02T11:03:20","modified_gmt":"2026-04-02T09:03:20","slug":"victron-energy-bluesolar-mppt-100-15-12-24v-15a","status":"publish","type":"product","link":"https:\/\/solartech.eu\/de\/p\/victron-energy-bluesolar-mppt-100-15-12-24v-15a\/","title":{"rendered":"MPPT BlueSolar 100\/15 (12\/24V-15A), Victron Energy"},"content":{"rendered":"<p class=\"productDetail__content-subheader-icon\"><strong>Solarladeregler<\/strong><br \/>\nEin Solarladeger\u00e4t sammelt die Energie von Sonnenkollektoren und speichert sie in Ihren Batterien. Mithilfe der neuesten und schnellsten Technologie maximiert MPPT diese Energiegewinnung und verwaltet sie intelligent, um eine volle Ladung in der k\u00fcrzest m\u00f6glichen Zeit zu erreichen. MPPT h\u00e4lt die Batterie gesund und verl\u00e4ngert die Lebensdauer der Batterie.<\/p>\n<p><strong>MPPT : ultraschnelle Nachf\u00fchrung des maximalen Energiepunktes<\/strong><br \/>\nDurch die st\u00e4ndige \u00dcberwachung der Spannung und des Stroms der Solarmodule (PV) stellt die MPPT-Technologie sicher, dass jeder Tropfen der verf\u00fcgbaren Energie von den Modulen abgenommen und zur Speicherung gesammelt wird. Der Vorteil dieser Technologie ist am deutlichsten, wenn der Himmel teilweise bew\u00f6lkt ist und sich die Lichtintensit\u00e4t st\u00e4ndig \u00e4ndert.<\/p>\n<p><strong>Fern\u00fcberwachung und -steuerung<\/strong><br \/>\nFernsteuerung und \u00dcberwachung der umfangreichen Funktionen Ihres Ladeger\u00e4ts MPPT, indem Sie einen Bluetooth-Schl\u00fcssel anbringen und ihn \u00fcber VictronConnect mit Ihrem Smartphone oder einem anderen Ger\u00e4t koppeln.<\/p>\n<p>Wenn Ihre Anlage mit dem Victron Remote Management Internet Portal (<a href=\"https:\/\/vrm.victronenergy.com\/landingpage\">VRM<\/a>) erm\u00f6glicht Ihnen jederzeit und \u00fcberall den Zugriff auf die volle Leistung Ihres MPPT; beide Dienste sind kostenlos.<\/p>\n<p>Bei abgelegenen Installationen - auch wenn keine Internetverbindung oder kein Telefonsignal in der N\u00e4he ist - k\u00f6nnen Sie den MPPT m\u00f6glicherweise \u00fcberwachen, indem Sie ihn mit einem Bluetooth-Ger\u00e4t koppeln\u00a0<a href=\"https:\/\/www.victronenergy.ro\/panel-systems-remote-monitoring\/ve-direct-lorawan\">LoRaWAN<\/a>(Wide-Area-Network), optional erh\u00e4ltlich.<\/p>\n<p><strong>Beendigung der Schwangerschaft<\/strong><br \/>\nDie intelligente Lastausgabefunktion verhindert Sch\u00e4den, die durch \"leere\" Batterien verursacht werden. Sie k\u00f6nnen die Spannung konfigurieren, bei der der MPPT eine Last abschaltet, um eine \u00fcberm\u00e4\u00dfige Batterieentladung zu verhindern. Der MPPT versucht jeden Tag, 100% wieder aufzuladen. Gelingt ihm das nicht - etwa in Schlechtwetterperioden - erh\u00f6ht er die Abschaltspannung t\u00e4glich, bis er dies erfolgreich erreicht hat.<\/p>\n<p><em>Wir nennen diese Funktion BatteryLife, weil sie den Zustand der Batterie erh\u00e4lt und die Lebensdauer der Batterie verl\u00e4ngert.<\/em><\/p>\n<p><strong><span lang=\"ro\" xml:lang=\"ro\">Auswahl sp<\/span><\/strong><strong><span lang=\"ro\" xml:lang=\"ro\">e<\/span><\/strong><strong><span lang=\"ro\" xml:lang=\"ro\">Technische Daten:<\/span><\/strong><br \/>\n<span lang=\"ro\" xml:lang=\"ro\">Batteriespannung: 12\/24V;\u00a0<\/span><br \/>\nMaximaler Ladestrom: 15A;<br \/>\nNennleistung der Photovoltaikanlage: 12V-220W, 24V-440W;<br \/>\n<span lang=\"ro\" xml:lang=\"ro\">Maximale Solarspannung: 100V;\u00a0<\/span><br \/>\n<span lang=\"ro\" xml:lang=\"ro\">DC programmierbarer Ausgang: Ja<\/span>;<br \/>\n<span lang=\"ro\" xml:lang=\"ro\">Bluetooth-Verbindung: optional<\/span><br \/>\n<span lang=\"ro\" xml:lang=\"ro\">Betriebstemperatur\u00a0<\/span>-30 bis +60\u00b0C;<br \/>\nGr\u00f6\u00dfe (mm) 100 x 113 x 47;<br \/>\nGewicht (kg) 0,6;<\/p>","protected":false},"excerpt":{"rendered":"<p><strong>\u26a0\ufe0f Die Verf\u00fcgbarkeit und die Lieferzeiten f\u00fcr Produkte, die der Lieferant auf Lager hat, werden telefonisch best\u00e4tigt.<\/strong><\/p>\n<p><span lang=\"ro\" xml:lang=\"ro\">\u2705 Batteriespannung: 12\/24V<\/span><br \/>\n<span lang=\"ro\" xml:lang=\"ro\">\u2705 Maximaler Ladestrom:15A<\/span><br \/>\n<span lang=\"ro\" xml:lang=\"ro\">\u2705 Nennleistung der Photovoltaikanlage: 12V-220W, 24V-440W<\/span><br \/>\n\u2705 Maximale Solarspannung: 100 V<br \/>\n<span lang=\"ro\" xml:lang=\"ro\">\u2705 Programmierbarer DC-Ausgang: Ja<\/span>;<br \/>\n<span lang=\"ro\" xml:lang=\"ro\">\u2705 Bluetooth-Verbindung: optional\u00a0<\/span><br \/>\n\u2705 5 JAHRE GARANTIE<\/p>\n<p><a href=\"https:\/\/www.victronenergy.com\/upload\/documents\/Datasheet-Blue-Solar-Charge-Controller-MPPT-75-10,-75-15,-100-15,-100-20_48V-EN-.pdf\">Datenblatt herunterladen<\/a><br \/>\n<a href=\"https:\/\/www.victronenergy.com\/upload\/documents\/Energy_Storage_System\/6292-ESS_design_and_installation_manual-pdf-en.pdf\">Benutzerhandbuch<\/a><\/p>","protected":false},"featured_media":100000020643,"comment_status":"closed","ping_status":"closed","template":"","meta":[],"product_brand":[],"product_cat":[970],"product_tag":[3297,3298,3299],"class_list":{"0":"post-11427","1":"product","2":"type-product","3":"status-publish","4":"has-post-thumbnail","6":"product_cat-victron-mppt","7":"product_tag-incarcator-bluesolar","8":"product_tag-incarcator-solar-12v-24v","9":"product_tag-incarcator-solar-victorn","11":"first","12":"onbackorder","13":"sale","14":"taxable","15":"shipping-taxable","16":"purchasable","17":"product-type-simple"},"_links":{"self":[{"href":"https:\/\/solartech.eu\/de\/wp-json\/wp\/v2\/product\/11427","targetHints":{"allow":["GET"]}}],"collection":[{"href":"https:\/\/solartech.eu\/de\/wp-json\/wp\/v2\/product"}],"about":[{"href":"https:\/\/solartech.eu\/de\/wp-json\/wp\/v2\/types\/product"}],"replies":[{"embeddable":true,"href":"https:\/\/solartech.eu\/de\/wp-json\/wp\/v2\/comments?post=11427"}],"version-history":[{"count":0,"href":"https:\/\/solartech.eu\/de\/wp-json\/wp\/v2\/product\/11427\/revisions"}],"wp:featuredmedia":[{"embeddable":true,"href":"https:\/\/solartech.eu\/de\/wp-json\/"}],"wp:attachment":[{"href":"https:\/\/solartech.eu\/de\/wp-json\/wp\/v2\/media?parent=11427"}],"wp:term":[{"taxonomy":"product_brand","embeddable":true,"href":"https:\/\/solartech.eu\/de\/wp-json\/wp\/v2\/product_brand?post=11427"},{"taxonomy":"product_cat","embeddable":true,"href":"https:\/\/solartech.eu\/de\/wp-json\/wp\/v2\/product_cat?post=11427"},{"taxonomy":"product_tag","embeddable":true,"href":"https:\/\/solartech.eu\/de\/wp-json\/wp\/v2\/product_tag?post=11427"}],"curies":[{"name":"wp","href":"https:\/\/api.w.org\/{rel}","templated":true}]}}