{"id":10975,"date":"2023-10-19T10:26:16","date_gmt":"2023-10-19T08:26:16","guid":{"rendered":"https:\/\/solartech.eu\/ro\/product\/acumulator-fotovoltaice-litiu-lifepo4-25-6kwh-hv-felicity-solar\/"},"modified":"2026-04-01T15:49:50","modified_gmt":"2026-04-01T13:49:50","slug":"acumulator-fotovoltaice-litiu-lifepo4-25-6kwh-hv-felicity-solar","status":"publish","type":"product","link":"https:\/\/solartech.eu\/de\/p\/acumulator-fotovoltaice-litiu-lifepo4-25-6kwh-hv-felicity-solar\/","title":{"rendered":"Lithium LiFePo4 25,6kWh HV Lithium LiFePo4 Photovoltaik-Akku, Felicity Solar"},"content":{"rendered":"<p>Die Lithium-Eisen-Phosphat-Batterie (LiFePO4) ist eine Energiespeicherl\u00f6sung, die in Photovoltaikanlagen zur effizienten Verwaltung und Lieferung von Strom eingesetzt wird.<\/p>\n<p>Mit einer Kapazit\u00e4t von 25,6 kWh bietet diese LiFePO4-Batterie eine betr\u00e4chtliche Energiemenge, die je nach Bedarf der Photovoltaikanlage gespeichert und nach und nach abgegeben werden kann. Die gro\u00dfe Speicherkapazit\u00e4t erm\u00f6glicht es, Haushaltsger\u00e4te und -vorrichtungen je nach Energieverbrauch mehrere Stunden oder sogar Tage lang zu betreiben.<\/p>\n<p>Die LiFePO4-Batterie zeichnet sich durch mehrere Vorteile aus. Erstens ist sie eine Batterie mit langer Lebensdauer. Die LiFePO4-Technologie erm\u00f6glicht eine gro\u00dfe Anzahl von Lade- und Entladezyklen, ohne dass die Leistung des Akkus wesentlich beeintr\u00e4chtigt wird. Das bedeutet, dass die Batterie \u00fcber einen langen Zeitraum hinweg verwendet werden kann, ohne dass sie h\u00e4ufig ausgetauscht werden muss.<\/p>\n<p>Zweitens hat die LiFePO4-Batterie eine hohe chemische Stabilit\u00e4t, was sie im Vergleich zu anderen Batterietypen sicherer macht. Es besteht keine Explosions- oder Brandgefahr, auch nicht im Falle einer \u00dcberladung oder \u00dcberhitzung. Das macht sie zu einer idealen Wahl f\u00fcr sicherheitsrelevante Anwendungen.<\/p>\n<p>Die LiFePO4-Batterie zeichnet sich au\u00dferdem durch eine hohe Lade- und Entladeeffizienz aus. Sie hat eine niedrige Selbstentladungsrate, was bedeutet, dass die gespeicherte Energie \u00fcber einen l\u00e4ngeren Zeitraum ohne nennenswerte Verluste erhalten bleibt. Auch die Ladezeit ist relativ kurz, so dass die Batterie bei Bedarf schnell wieder aufgeladen werden kann.<\/p>\n<p>Zusammenfassend l\u00e4sst sich sagen, dass die LiFePO4-Batterie eine zuverl\u00e4ssige und effiziente L\u00f6sung f\u00fcr die Energiespeicherung in Photovoltaikanlagen darstellt. Mit ihrer langen Lebensdauer, ihrer hohen chemischen Stabilit\u00e4t und ihrem hohen Wirkungsgrad sorgt diese Batterie f\u00fcr eine konstante und zuverl\u00e4ssige Stromversorgung der an die PV-Anlage angeschlossenen Ger\u00e4te und Apparate und tr\u00e4gt dazu bei, die Nutzung der Solarenergie zu optimieren und die Abh\u00e4ngigkeit von herk\u00f6mmlichen Energiequellen zu verringern.<\/p>\n<p>Chemie: LFP (Lithiumeisenphosphat)<br \/>\nNennspannung: 512V<br \/>\nNennkapazit\u00e4t: 25,6kWh<br \/>\nDimensiuni: 600x370x322+210xNmm<br \/>\nGewicht: 255kg<br \/>\nLade-\/Entladestrom: 30A<br \/>\nKommunikationsprotokoll: RS485, CAN<br \/>\nAnzahl der Zyklen DOD 80%: \u22656000@25\u00b0C<br \/>\nBetriebstemperatur: -10\u00b0C~50\u00b0C<\/p>","protected":false},"excerpt":{"rendered":"<p>\u2705 Anzeige SOC<br \/>\n\u2705 CAN\/RS485-Kommunikationsanschluss<br \/>\n\u2705 Maximaler Lade-\/Entladestrom 30A<br \/>\n\u2705 \u00dcber 6000 Zyklen mit 80% DOD<br \/>\n\u2705 Kompatibel mit den meisten Wechselrichtern<br \/>\n\u2705 10 Jahre Garantie<\/p>\n<p><a href=\"https:\/\/solartech.ro\/wp-content\/uploads\/2023\/12\/HVC-Manual.pdf\">Benutzerhandbuch herunterladen<\/a><br \/>\n<a href=\"https:\/\/solartech.ro\/wp-content\/uploads\/2023\/10\/HVC-Compatibility-V5.jpeg\">Liste der kompatiblen Wechselrichter herunterladen<\/a><\/p>","protected":false},"featured_media":100000014384,"comment_status":"open","ping_status":"closed","template":"","meta":[],"product_brand":[],"product_cat":[209,4063,208],"product_tag":[1233,609,1234,1235,1236,1237,1238,1239,1240,1241,1242,1243],"class_list":{"0":"post-10975","1":"product","2":"type-product","3":"status-publish","4":"has-post-thumbnail","6":"product_cat-acumulatori-fotovoltaice","7":"product_cat-acumulatori-high-voltage","8":"product_cat-acumulatori-solari-fotovoltaice","9":"product_tag-acumulator-felicity-solar-high-voltage","10":"product_tag-acumulator-high-voltage-deye","11":"product_tag-acumulator-high-voltage-felicity-solar","12":"product_tag-acumulator-high-voltage-fotovoltaice","13":"product_tag-acumulator-high-voltage-litiu","14":"product_tag-acumulator-high-voltage-pylontech","15":"product_tag-acumulator-litiu-high-voltage","16":"product_tag-acumulatori-high-voltage-litiu","17":"product_tag-baterie-high-voltage-felicity-solar","18":"product_tag-baterii-high-voltage-fotovoltaice","19":"product_tag-baterii-high-voltage-litiu","20":"product_tag-high-voltage-felicity-solar","22":"first","23":"onbackorder","24":"taxable","25":"shipping-taxable","26":"purchasable","27":"product-type-simple"},"_links":{"self":[{"href":"https:\/\/solartech.eu\/de\/wp-json\/wp\/v2\/product\/10975","targetHints":{"allow":["GET"]}}],"collection":[{"href":"https:\/\/solartech.eu\/de\/wp-json\/wp\/v2\/product"}],"about":[{"href":"https:\/\/solartech.eu\/de\/wp-json\/wp\/v2\/types\/product"}],"replies":[{"embeddable":true,"href":"https:\/\/solartech.eu\/de\/wp-json\/wp\/v2\/comments?post=10975"}],"version-history":[{"count":1,"href":"https:\/\/solartech.eu\/de\/wp-json\/wp\/v2\/product\/10975\/revisions"}],"predecessor-version":[{"id":24337,"href":"https:\/\/solartech.eu\/de\/wp-json\/wp\/v2\/product\/10975\/revisions\/24337"}],"wp:featuredmedia":[{"embeddable":true,"href":"https:\/\/solartech.eu\/de\/wp-json\/"}],"wp:attachment":[{"href":"https:\/\/solartech.eu\/de\/wp-json\/wp\/v2\/media?parent=10975"}],"wp:term":[{"taxonomy":"product_brand","embeddable":true,"href":"https:\/\/solartech.eu\/de\/wp-json\/wp\/v2\/product_brand?post=10975"},{"taxonomy":"product_cat","embeddable":true,"href":"https:\/\/solartech.eu\/de\/wp-json\/wp\/v2\/product_cat?post=10975"},{"taxonomy":"product_tag","embeddable":true,"href":"https:\/\/solartech.eu\/de\/wp-json\/wp\/v2\/product_tag?post=10975"}],"curies":[{"name":"wp","href":"https:\/\/api.w.org\/{rel}","templated":true}]}}